{"id":298,"date":"2014-04-26T16:57:30","date_gmt":"2014-04-26T16:57:30","guid":{"rendered":"http:\/\/demo.themegrill.com\/accelerate\/?page_id=11"},"modified":"2026-03-11T13:21:12","modified_gmt":"2026-03-11T12:21:12","slug":"accueil","status":"publish","type":"page","link":"https:\/\/valeriehuyghe.com\/","title":{"rendered":"Accueil"},"content":{"rendered":"\n<figure class=\"wp-block-gallery has-nested-images columns-default is-cropped wp-block-gallery-1 is-layout-flex wp-block-gallery-is-layout-flex\">\n<figure class=\"wp-block-image size-large\"><img decoding=\"async\" data-id=\"364\" src=\"https:\/\/valeriehuyghe.com\/wp-content\/uploads\/2024\/11\/cropped-106368636_l_normal_none-scaled-1-1024x352.jpg\" alt=\"\" class=\"wp-image-364\"\/><figcaption class=\"wp-element-caption\">Val\u00e9rie HUYGHE &#8211; Hypnoth\u00e9rapeute La Celle-saint-Cloud &#8211; EMDR &#8211; EFT<\/figcaption><\/figure>\n<\/figure>\n\n\n\n<figure class=\"wp-block-gallery has-nested-images columns-default is-cropped wp-block-gallery-2 is-layout-flex wp-block-gallery-is-layout-flex\">\n<figure class=\"wp-block-image size-large\"><img decoding=\"async\" data-id=\"364\" src=\"https:\/\/valeriehuyghe.com\/wp-content\/uploads\/2024\/11\/cropped-106368636_l_normal_none-scaled-1-1024x352.jpg\" alt=\"\" class=\"wp-image-364\"\/><figcaption class=\"wp-element-caption\">Val\u00e9rie HUYGHE &#8211; Hypnoth\u00e9rapeute La Celle-saint-Cloud &#8211; EMDR &#8211; EFT<\/figcaption><\/figure>\n<\/figure>\n\n\n\n<figure class=\"wp-block-gallery has-nested-images columns-default is-cropped wp-block-gallery-3 is-layout-flex wp-block-gallery-is-layout-flex\">\n<figure class=\"wp-block-image size-large\"><img decoding=\"async\" data-id=\"478\" src=\"https:\/\/valeriehuyghe.com\/wp-content\/uploads\/2024\/11\/60184982_l_normal_none-scaled-e1730812872910-1024x422.jpg\" alt=\"\" class=\"wp-image-478\"\/><figcaption class=\"wp-element-caption\"><img decoding=\"async\" src=\"https:\/\/valeriehuyghe.com\/wp-content\/uploads\/2024\/11\/cropped-106368636_l_normal_none-scaled-1-1024x352.jpg\" alt=\"\">Val\u00e9rie HUYGHE &#8211; Hypnoth\u00e9rapeute La Celle-saint-Cloud &#8211; EMDR &#8211; EFT<br><img decoding=\"async\" src=\"https:\/\/valeriehuyghe.com\/wp-content\/uploads\/2024\/11\/60184982_l_normal_none-scaled-e1730812872910-1024x422.jpg\" alt=\"\"><img decoding=\"async\" src=\"https:\/\/valeriehuyghe.com\/wp-content\/uploads\/2024\/11\/cropped-106368636_l_normal_none-scaled-1-1024x352.jpg\" alt=\"\">Val\u00e9rie HUYGHE &#8211; Hypnoth\u00e9rapeute La Celle-saint-Cloud &#8211; EMDR &#8211; EFT<br>Val\u00e9rie HUYGHE &#8211; Hypnoth\u00e9rapeute La Celle-saint-Cloud &#8211; EMDR &#8211; EFT<img decoding=\"async\" src=\"https:\/\/valeriehuyghe.com\/wp-content\/uploads\/2024\/11\/60184982_l_normal_none-scaled-e1730812872910-1024x422.jpg\" alt=\"\"><\/figcaption><\/figure>\n<\/figure>\n\n\n\n<p><\/p>\n","protected":false},"excerpt":{"rendered":"","protected":false},"author":1,"featured_media":346,"parent":0,"menu_order":0,"comment_status":"closed","ping_status":"closed","template":"page-templates\/business.php","meta":{"footnotes":""},"class_list":["post-298","page","type-page","status-publish","has-post-thumbnail","hentry"],"yoast_head":"<!-- This site is optimized with the Yoast SEO plugin v23.9 - https:\/\/yoast.com\/wordpress\/plugins\/seo\/ -->\n<title>Hypnoth\u00e9rapeute La Celle-saint-Cloud- EMDR - EFT - Hypnose-<\/title>\n<meta name=\"description\" content=\"Hypnoth\u00e9rapeute - EMDR - EFT - Hypnose - Stress - Anxi\u00e9t\u00e9 - Phobies - Addictions - Mal-\u00eatre - Difficult\u00e9s relationnelles- Phobies - Traumas\" \/>\n<meta name=\"robots\" content=\"index, follow, max-snippet:-1, max-image-preview:large, max-video-preview:-1\" \/>\n<link rel=\"canonical\" href=\"https:\/\/valeriehuyghe.com\/\" \/>\n<meta property=\"og:locale\" content=\"fr_FR\" \/>\n<meta property=\"og:type\" content=\"article\" \/>\n<meta property=\"og:title\" content=\"Hypnoth\u00e9rapeute La Celle-saint-Cloud- EMDR - EFT - Hypnose-\" \/>\n<meta property=\"og:description\" content=\"Hypnoth\u00e9rapeute - EMDR - EFT - Hypnose - Stress - Anxi\u00e9t\u00e9 - Phobies - Addictions - Mal-\u00eatre - Difficult\u00e9s relationnelles- Phobies - Traumas\" \/>\n<meta property=\"og:url\" content=\"https:\/\/valeriehuyghe.com\/\" \/>\n<meta property=\"og:site_name\" content=\"Val\u00e9rie HUYGHE - Hypnoth\u00e9rapeute \u00e0 la Celle-saint-Cloud\" \/>\n<meta property=\"article:modified_time\" content=\"2026-03-11T12:21:12+00:00\" \/>\n<meta property=\"og:image\" content=\"http:\/\/valeriehuyghe.com\/wp-content\/uploads\/2024\/11\/16612330_l_normal_none-scaled.jpg\" \/>\n\t<meta property=\"og:image:width\" content=\"2560\" \/>\n\t<meta property=\"og:image:height\" content=\"1696\" \/>\n\t<meta property=\"og:image:type\" content=\"image\/jpeg\" \/>\n<meta name=\"twitter:card\" content=\"summary_large_image\" \/>\n<meta name=\"twitter:label1\" content=\"Dur\u00e9e de lecture estim\u00e9e\" \/>\n\t<meta name=\"twitter:data1\" content=\"2 minutes\" \/>\n<script type=\"application\/ld+json\" class=\"yoast-schema-graph\">{\"@context\":\"https:\/\/schema.org\",\"@graph\":[{\"@type\":\"WebPage\",\"@id\":\"https:\/\/valeriehuyghe.com\/\",\"url\":\"https:\/\/valeriehuyghe.com\/\",\"name\":\"Hypnoth\u00e9rapeute La Celle-saint-Cloud- EMDR - EFT - Hypnose-\",\"isPartOf\":{\"@id\":\"https:\/\/valeriehuyghe.com\/#website\"},\"primaryImageOfPage\":{\"@id\":\"https:\/\/valeriehuyghe.com\/#primaryimage\"},\"image\":{\"@id\":\"https:\/\/valeriehuyghe.com\/#primaryimage\"},\"thumbnailUrl\":\"https:\/\/valeriehuyghe.com\/wp-content\/uploads\/2024\/11\/16612330_l_normal_none-scaled.jpg\",\"datePublished\":\"2014-04-26T16:57:30+00:00\",\"dateModified\":\"2026-03-11T12:21:12+00:00\",\"description\":\"Hypnoth\u00e9rapeute - EMDR - EFT - Hypnose - Stress - Anxi\u00e9t\u00e9 - Phobies - Addictions - Mal-\u00eatre - Difficult\u00e9s relationnelles- Phobies - Traumas\",\"breadcrumb\":{\"@id\":\"https:\/\/valeriehuyghe.com\/#breadcrumb\"},\"inLanguage\":\"fr-FR\",\"potentialAction\":[{\"@type\":\"ReadAction\",\"target\":[\"https:\/\/valeriehuyghe.com\/\"]}]},{\"@type\":\"ImageObject\",\"inLanguage\":\"fr-FR\",\"@id\":\"https:\/\/valeriehuyghe.com\/#primaryimage\",\"url\":\"https:\/\/valeriehuyghe.com\/wp-content\/uploads\/2024\/11\/16612330_l_normal_none-scaled.jpg\",\"contentUrl\":\"https:\/\/valeriehuyghe.com\/wp-content\/uploads\/2024\/11\/16612330_l_normal_none-scaled.jpg\",\"width\":2560,\"height\":1696,\"caption\":\"Hypnoth\u00e9rapeute La Celle-saint-Cloud - EMDR - EFT\"},{\"@type\":\"BreadcrumbList\",\"@id\":\"https:\/\/valeriehuyghe.com\/#breadcrumb\",\"itemListElement\":[{\"@type\":\"ListItem\",\"position\":1,\"name\":\"Accueil\",\"item\":\"https:\/\/valeriehuyghe.com\/\"},{\"@type\":\"ListItem\",\"position\":2,\"name\":\"Accueil\"}]},{\"@type\":\"WebSite\",\"@id\":\"https:\/\/valeriehuyghe.com\/#website\",\"url\":\"https:\/\/valeriehuyghe.com\/\",\"name\":\"Val\u00e9rie HUYGHE\",\"description\":\"Sp\u00e9cialisation blessures \u00e9motionnelles et psychotraumatismes. Praticienne certifi\u00e9e en EMDR et EFT clinique\",\"alternateName\":\"Hypnoth\u00e9rapeute EMDR - EFT (blessures \u00e9motionnelles et traumatismes)\",\"potentialAction\":[{\"@type\":\"SearchAction\",\"target\":{\"@type\":\"EntryPoint\",\"urlTemplate\":\"https:\/\/valeriehuyghe.com\/?s={search_term_string}\"},\"query-input\":{\"@type\":\"PropertyValueSpecification\",\"valueRequired\":true,\"valueName\":\"search_term_string\"}}],\"inLanguage\":\"fr-FR\"}]}<\/script>\n<!-- \/ Yoast SEO plugin. -->","yoast_head_json":{"title":"Hypnoth\u00e9rapeute La Celle-saint-Cloud- EMDR - EFT - Hypnose-","description":"Hypnoth\u00e9rapeute - EMDR - EFT - Hypnose - Stress - Anxi\u00e9t\u00e9 - Phobies - Addictions - Mal-\u00eatre - Difficult\u00e9s relationnelles- Phobies - Traumas","robots":{"index":"index","follow":"follow","max-snippet":"max-snippet:-1","max-image-preview":"max-image-preview:large","max-video-preview":"max-video-preview:-1"},"canonical":"https:\/\/valeriehuyghe.com\/","og_locale":"fr_FR","og_type":"article","og_title":"Hypnoth\u00e9rapeute La Celle-saint-Cloud- EMDR - EFT - Hypnose-","og_description":"Hypnoth\u00e9rapeute - EMDR - EFT - Hypnose - Stress - Anxi\u00e9t\u00e9 - Phobies - Addictions - Mal-\u00eatre - Difficult\u00e9s relationnelles- Phobies - Traumas","og_url":"https:\/\/valeriehuyghe.com\/","og_site_name":"Val\u00e9rie HUYGHE - Hypnoth\u00e9rapeute \u00e0 la Celle-saint-Cloud","article_modified_time":"2026-03-11T12:21:12+00:00","og_image":[{"width":2560,"height":1696,"url":"http:\/\/valeriehuyghe.com\/wp-content\/uploads\/2024\/11\/16612330_l_normal_none-scaled.jpg","type":"image\/jpeg"}],"twitter_card":"summary_large_image","twitter_misc":{"Dur\u00e9e de lecture estim\u00e9e":"2 minutes"},"schema":{"@context":"https:\/\/schema.org","@graph":[{"@type":"WebPage","@id":"https:\/\/valeriehuyghe.com\/","url":"https:\/\/valeriehuyghe.com\/","name":"Hypnoth\u00e9rapeute La Celle-saint-Cloud- EMDR - EFT - Hypnose-","isPartOf":{"@id":"https:\/\/valeriehuyghe.com\/#website"},"primaryImageOfPage":{"@id":"https:\/\/valeriehuyghe.com\/#primaryimage"},"image":{"@id":"https:\/\/valeriehuyghe.com\/#primaryimage"},"thumbnailUrl":"https:\/\/valeriehuyghe.com\/wp-content\/uploads\/2024\/11\/16612330_l_normal_none-scaled.jpg","datePublished":"2014-04-26T16:57:30+00:00","dateModified":"2026-03-11T12:21:12+00:00","description":"Hypnoth\u00e9rapeute - EMDR - EFT - Hypnose - Stress - Anxi\u00e9t\u00e9 - Phobies - Addictions - Mal-\u00eatre - Difficult\u00e9s relationnelles- Phobies - Traumas","breadcrumb":{"@id":"https:\/\/valeriehuyghe.com\/#breadcrumb"},"inLanguage":"fr-FR","potentialAction":[{"@type":"ReadAction","target":["https:\/\/valeriehuyghe.com\/"]}]},{"@type":"ImageObject","inLanguage":"fr-FR","@id":"https:\/\/valeriehuyghe.com\/#primaryimage","url":"https:\/\/valeriehuyghe.com\/wp-content\/uploads\/2024\/11\/16612330_l_normal_none-scaled.jpg","contentUrl":"https:\/\/valeriehuyghe.com\/wp-content\/uploads\/2024\/11\/16612330_l_normal_none-scaled.jpg","width":2560,"height":1696,"caption":"Hypnoth\u00e9rapeute La Celle-saint-Cloud - EMDR - EFT"},{"@type":"BreadcrumbList","@id":"https:\/\/valeriehuyghe.com\/#breadcrumb","itemListElement":[{"@type":"ListItem","position":1,"name":"Accueil","item":"https:\/\/valeriehuyghe.com\/"},{"@type":"ListItem","position":2,"name":"Accueil"}]},{"@type":"WebSite","@id":"https:\/\/valeriehuyghe.com\/#website","url":"https:\/\/valeriehuyghe.com\/","name":"Val\u00e9rie HUYGHE","description":"Sp\u00e9cialisation blessures \u00e9motionnelles et psychotraumatismes. Praticienne certifi\u00e9e en EMDR et EFT clinique","alternateName":"Hypnoth\u00e9rapeute EMDR - EFT (blessures \u00e9motionnelles et traumatismes)","potentialAction":[{"@type":"SearchAction","target":{"@type":"EntryPoint","urlTemplate":"https:\/\/valeriehuyghe.com\/?s={search_term_string}"},"query-input":{"@type":"PropertyValueSpecification","valueRequired":true,"valueName":"search_term_string"}}],"inLanguage":"fr-FR"}]}},"_links":{"self":[{"href":"https:\/\/valeriehuyghe.com\/index.php?rest_route=\/wp\/v2\/pages\/298","targetHints":{"allow":["GET"]}}],"collection":[{"href":"https:\/\/valeriehuyghe.com\/index.php?rest_route=\/wp\/v2\/pages"}],"about":[{"href":"https:\/\/valeriehuyghe.com\/index.php?rest_route=\/wp\/v2\/types\/page"}],"author":[{"embeddable":true,"href":"https:\/\/valeriehuyghe.com\/index.php?rest_route=\/wp\/v2\/users\/1"}],"replies":[{"embeddable":true,"href":"https:\/\/valeriehuyghe.com\/index.php?rest_route=%2Fwp%2Fv2%2Fcomments&post=298"}],"version-history":[{"count":16,"href":"https:\/\/valeriehuyghe.com\/index.php?rest_route=\/wp\/v2\/pages\/298\/revisions"}],"predecessor-version":[{"id":1629,"href":"https:\/\/valeriehuyghe.com\/index.php?rest_route=\/wp\/v2\/pages\/298\/revisions\/1629"}],"wp:featuredmedia":[{"embeddable":true,"href":"https:\/\/valeriehuyghe.com\/index.php?rest_route=\/wp\/v2\/media\/346"}],"wp:attachment":[{"href":"https:\/\/valeriehuyghe.com\/index.php?rest_route=%2Fwp%2Fv2%2Fmedia&parent=298"}],"curies":[{"name":"wp","href":"https:\/\/api.w.org\/{rel}","templated":true}]}}